{"id":623,"date":"2026-04-12T13:30:50","date_gmt":"2026-04-12T13:30:50","guid":{"rendered":"https:\/\/beonthemove.nl\/?post_type=product&#038;p=623"},"modified":"2026-04-28T17:53:08","modified_gmt":"2026-04-28T17:53:08","slug":"elektrische-fiets-heren","status":"publish","type":"product","link":"https:\/\/beonthemove.nl\/de\/produkt\/elektrische-fiets-heren\/","title":{"rendered":"Elektrofahrrad f\u00fcr Herren"},"content":{"rendered":"<p>Erleben Sie, wie m\u00fchelos Radfahren sein kann. Dieses E-Bike bietet Ihnen kraftvolle und gleichzeitig sanfte Unterst\u00fctzung, w\u00e4hrend sich die vollautomatische Gangschaltung nahtlos an Ihr Fahrgef\u00fchl anpasst. Sie m\u00fcssen sich nur noch um eines k\u00fcmmern: die Aussicht genie\u00dfen.<\/p>","protected":false},"excerpt":{"rendered":"<p>Erleben Sie, wie m\u00fchelos Radfahren sein kann. Dieses E-Bike bietet Ihnen kraftvolle und gleichzeitig sanfte Unterst\u00fctzung, w\u00e4hrend sich die vollautomatische Gangschaltung nahtlos an Ihr Fahrgef\u00fchl anpasst. Sie m\u00fcssen sich nur noch um eines k\u00fcmmern: die Aussicht genie\u00dfen.<\/p>","protected":false},"featured_media":625,"comment_status":"closed","ping_status":"closed","template":"","meta":[],"product_brand":[],"product_cat":[19,20],"product_tag":[],"class_list":{"0":"post-623","1":"product","2":"type-product","3":"status-publish","4":"has-post-thumbnail","6":"product_cat-elektrische-fiets","7":"product_cat-speciale-fietsen","9":"first","10":"instock","11":"sold-individually","12":"shipping-taxable","13":"purchasable","14":"product-type-phive_booking"},"_links":{"self":[{"href":"https:\/\/beonthemove.nl\/de\/wp-json\/wp\/v2\/product\/623","targetHints":{"allow":["GET"]}}],"collection":[{"href":"https:\/\/beonthemove.nl\/de\/wp-json\/wp\/v2\/product"}],"about":[{"href":"https:\/\/beonthemove.nl\/de\/wp-json\/wp\/v2\/types\/product"}],"replies":[{"embeddable":true,"href":"https:\/\/beonthemove.nl\/de\/wp-json\/wp\/v2\/comments?post=623"}],"wp:featuredmedia":[{"embeddable":true,"href":"https:\/\/beonthemove.nl\/de\/wp-json\/wp\/v2\/media\/625"}],"wp:attachment":[{"href":"https:\/\/beonthemove.nl\/de\/wp-json\/wp\/v2\/media?parent=623"}],"wp:term":[{"taxonomy":"product_brand","embeddable":true,"href":"https:\/\/beonthemove.nl\/de\/wp-json\/wp\/v2\/product_brand?post=623"},{"taxonomy":"product_cat","embeddable":true,"href":"https:\/\/beonthemove.nl\/de\/wp-json\/wp\/v2\/product_cat?post=623"},{"taxonomy":"product_tag","embeddable":true,"href":"https:\/\/beonthemove.nl\/de\/wp-json\/wp\/v2\/product_tag?post=623"}],"curies":[{"name":"wp","href":"https:\/\/api.w.org\/{rel}","templated":true}]}}