{"id":520,"date":"2026-04-04T09:13:24","date_gmt":"2026-04-04T09:13:24","guid":{"rendered":"https:\/\/beonthemove.nl\/?post_type=product&#038;p=520"},"modified":"2026-04-29T13:25:26","modified_gmt":"2026-04-29T13:25:26","slug":"speciale-fiets-t1","status":"publish","type":"product","link":"https:\/\/beonthemove.nl\/de\/produkt\/speciale-fiets-t1\/","title":{"rendered":"Spezialfahrrad T1"},"content":{"rendered":"<p>Erleben Sie h\u00f6chsten Komfort mit dem T1 Spezialfahrrad. Stabil, komfortabel und ideal f\u00fcr den t\u00e4glichen Gebrauch. Perfekt f\u00fcr alle, die zus\u00e4tzliche Unterst\u00fctzung w\u00fcnschen und dennoch jede Fahrt unbeschwert genie\u00dfen m\u00f6chten.<\/p>\n<p>F\u00fcr dieses Produkt ist bei Abholung eine Kaution in H\u00f6he von 100 \u20ac zu hinterlegen.<\/p>","protected":false},"excerpt":{"rendered":"<p>Ervaar ultiem gemak met de T1 speciale fiets. Stabiel, comfortabel en ideaal voor dagelijks gebruik. Perfect voor wie extra ondersteuning zoekt en toch zorgeloos wil genieten van elke rit. Bij dit product dient u bij het ophalen \u20ac 100 borg te betalen.<\/p>","protected":false},"featured_media":682,"comment_status":"closed","ping_status":"closed","template":"","meta":[],"product_brand":[],"product_cat":[30,20],"product_tag":[],"class_list":{"0":"post-520","1":"product","2":"type-product","3":"status-publish","4":"has-post-thumbnail","6":"product_cat-borg-100","7":"product_cat-speciale-fietsen","9":"first","10":"instock","11":"sold-individually","12":"shipping-taxable","13":"purchasable","14":"product-type-phive_booking"},"_links":{"self":[{"href":"https:\/\/beonthemove.nl\/de\/wp-json\/wp\/v2\/product\/520","targetHints":{"allow":["GET"]}}],"collection":[{"href":"https:\/\/beonthemove.nl\/de\/wp-json\/wp\/v2\/product"}],"about":[{"href":"https:\/\/beonthemove.nl\/de\/wp-json\/wp\/v2\/types\/product"}],"replies":[{"embeddable":true,"href":"https:\/\/beonthemove.nl\/de\/wp-json\/wp\/v2\/comments?post=520"}],"wp:featuredmedia":[{"embeddable":true,"href":"https:\/\/beonthemove.nl\/de\/wp-json\/wp\/v2\/media\/682"}],"wp:attachment":[{"href":"https:\/\/beonthemove.nl\/de\/wp-json\/wp\/v2\/media?parent=520"}],"wp:term":[{"taxonomy":"product_brand","embeddable":true,"href":"https:\/\/beonthemove.nl\/de\/wp-json\/wp\/v2\/product_brand?post=520"},{"taxonomy":"product_cat","embeddable":true,"href":"https:\/\/beonthemove.nl\/de\/wp-json\/wp\/v2\/product_cat?post=520"},{"taxonomy":"product_tag","embeddable":true,"href":"https:\/\/beonthemove.nl\/de\/wp-json\/wp\/v2\/product_tag?post=520"}],"curies":[{"name":"wp","href":"https:\/\/api.w.org\/{rel}","templated":true}]}}