{"id":472,"date":"2026-04-02T14:36:23","date_gmt":"2026-04-02T14:36:23","guid":{"rendered":"https:\/\/beonthemove.nl\/?post_type=product&#038;p=472"},"modified":"2026-04-04T08:49:58","modified_gmt":"2026-04-04T08:49:58","slug":"fat-bike-groot-3-uur","status":"publish","type":"product","link":"https:\/\/beonthemove.nl\/de\/produkt\/fat-bike-groot-3-uur\/","title":{"rendered":"Fatbike-Tour, 3 Stunden"},"content":{"rendered":"<p>Entdecken Sie die Freiheit der K\u00fcste Zeelands mit unseren komfortablen E-Bikes. Perfekt f\u00fcr eine entspannte Fahrt entlang Strand und Promenade. Mieten Sie noch heute und genie\u00dfen Sie unbeschwerten Fahrspa\u00df!<\/p>\n<p>&nbsp;<\/p>","protected":false},"excerpt":{"rendered":"<p>Entdecken Sie die Freiheit der K\u00fcste Zeelands mit unseren komfortablen E-Bikes. Perfekt f\u00fcr eine entspannte Fahrt entlang Strand und Promenade. Mieten Sie noch heute und genie\u00dfen Sie unbeschwerten Fahrspa\u00df! &nbsp;<\/p>","protected":false},"featured_media":518,"comment_status":"open","ping_status":"closed","template":"","meta":[],"product_brand":[],"product_cat":[20],"product_tag":[],"class_list":{"0":"post-472","1":"product","2":"type-product","3":"status-publish","4":"has-post-thumbnail","6":"product_cat-speciale-fietsen","8":"first","9":"instock","10":"sold-individually","11":"shipping-taxable","12":"purchasable","13":"product-type-phive_booking"},"_links":{"self":[{"href":"https:\/\/beonthemove.nl\/de\/wp-json\/wp\/v2\/product\/472","targetHints":{"allow":["GET"]}}],"collection":[{"href":"https:\/\/beonthemove.nl\/de\/wp-json\/wp\/v2\/product"}],"about":[{"href":"https:\/\/beonthemove.nl\/de\/wp-json\/wp\/v2\/types\/product"}],"replies":[{"embeddable":true,"href":"https:\/\/beonthemove.nl\/de\/wp-json\/wp\/v2\/comments?post=472"}],"wp:featuredmedia":[{"embeddable":true,"href":"https:\/\/beonthemove.nl\/de\/wp-json\/wp\/v2\/media\/518"}],"wp:attachment":[{"href":"https:\/\/beonthemove.nl\/de\/wp-json\/wp\/v2\/media?parent=472"}],"wp:term":[{"taxonomy":"product_brand","embeddable":true,"href":"https:\/\/beonthemove.nl\/de\/wp-json\/wp\/v2\/product_brand?post=472"},{"taxonomy":"product_cat","embeddable":true,"href":"https:\/\/beonthemove.nl\/de\/wp-json\/wp\/v2\/product_cat?post=472"},{"taxonomy":"product_tag","embeddable":true,"href":"https:\/\/beonthemove.nl\/de\/wp-json\/wp\/v2\/product_tag?post=472"}],"curies":[{"name":"wp","href":"https:\/\/api.w.org\/{rel}","templated":true}]}}