{"id":470,"date":"2026-04-02T14:10:20","date_gmt":"2026-04-02T14:10:20","guid":{"rendered":"https:\/\/beonthemove.nl\/?post_type=product&#038;p=470"},"modified":"2026-04-02T14:16:36","modified_gmt":"2026-04-02T14:16:36","slug":"chopper-hele-dag","status":"publish","type":"product","link":"https:\/\/beonthemove.nl\/de\/produkt\/chopper-hele-dag\/","title":{"rendered":"Chopper den ganzen Tag"},"content":{"rendered":"<p>Erleben Sie die Freiheit der offenen Stra\u00dfe mit diesem robusten Chopper: komfortables Fahrgef\u00fchl, m\u00fcheloses Lenken und uneingeschr\u00e4nkter Fahrspa\u00df, egal ob Sie durch die Stadt cruisen oder die Natur erkunden.<\/p>\n<p>F\u00fcr dieses Produkt ist bei Abholung eine Kaution in H\u00f6he von 100 \u20ac zu hinterlegen.<\/p>","protected":false},"excerpt":{"rendered":"<p>Voel de vrijheid van de weg met deze stoere chopper: comfortabel rijden, moeiteloos sturen en volop genieten van elke rit, of je nu door de stad cruiset of de natuur verkent. Bij dit product dient u bij het ophalen \u20ac 100 borg te betalen.<\/p>","protected":false},"featured_media":448,"comment_status":"open","ping_status":"closed","template":"","meta":[],"product_brand":[],"product_cat":[30,20],"product_tag":[],"class_list":{"0":"post-470","1":"product","2":"type-product","3":"status-publish","4":"has-post-thumbnail","6":"product_cat-borg-100","7":"product_cat-speciale-fietsen","9":"first","10":"instock","11":"sold-individually","12":"shipping-taxable","13":"purchasable","14":"product-type-phive_booking"},"_links":{"self":[{"href":"https:\/\/beonthemove.nl\/de\/wp-json\/wp\/v2\/product\/470","targetHints":{"allow":["GET"]}}],"collection":[{"href":"https:\/\/beonthemove.nl\/de\/wp-json\/wp\/v2\/product"}],"about":[{"href":"https:\/\/beonthemove.nl\/de\/wp-json\/wp\/v2\/types\/product"}],"replies":[{"embeddable":true,"href":"https:\/\/beonthemove.nl\/de\/wp-json\/wp\/v2\/comments?post=470"}],"wp:featuredmedia":[{"embeddable":true,"href":"https:\/\/beonthemove.nl\/de\/wp-json\/wp\/v2\/media\/448"}],"wp:attachment":[{"href":"https:\/\/beonthemove.nl\/de\/wp-json\/wp\/v2\/media?parent=470"}],"wp:term":[{"taxonomy":"product_brand","embeddable":true,"href":"https:\/\/beonthemove.nl\/de\/wp-json\/wp\/v2\/product_brand?post=470"},{"taxonomy":"product_cat","embeddable":true,"href":"https:\/\/beonthemove.nl\/de\/wp-json\/wp\/v2\/product_cat?post=470"},{"taxonomy":"product_tag","embeddable":true,"href":"https:\/\/beonthemove.nl\/de\/wp-json\/wp\/v2\/product_tag?post=470"}],"curies":[{"name":"wp","href":"https:\/\/api.w.org\/{rel}","templated":true}]}}