{"id":440,"date":"2026-03-31T16:37:00","date_gmt":"2026-03-31T16:37:00","guid":{"rendered":"https:\/\/beonthemove.nl\/?post_type=product&#038;p=440"},"modified":"2026-04-02T13:43:37","modified_gmt":"2026-04-02T13:43:37","slug":"benzine-scooter-4-uur","status":"publish","type":"product","link":"https:\/\/beonthemove.nl\/de\/produkt\/benzine-scooter-4-uur\/","title":{"rendered":"Benzinroller 4 Stunden"},"content":{"rendered":"<p>Sie k\u00f6nnen Roller stundenweise mieten: 37,50 \u20ac f\u00fcr 4 Stunden oder 57,50 \u20ac f\u00fcr den ganzen Tag, inklusive vollem Tank. Die Roller m\u00fcssen vollgetankt zur\u00fcckgegeben werden. Bei leerer R\u00fcckgabe wird der Kraftstoff berechnet: 5,00 \u20ac f\u00fcr 4 Stunden und 7,50 \u20ac f\u00fcr den ganzen Tag.<\/p>\n<p>F\u00fcr dieses Produkt ist bei Abholung eine Kaution in H\u00f6he von 100 \u20ac zu hinterlegen.<\/p>","protected":false},"excerpt":{"rendered":"<p>U kunt scooters huren per uur voor 4 uur \u20ac37,50 Voor de hele dag \u20ac57,50 inclusief een volle tank benzine Scooters moeten worden ingeleverd met een volle tank benzine. Als de scooter leeg wordt ingeleverd betaalt u benzine, \u20ac 5,00 voor 4 uur en \u20ac 7,50 voor de hele dag. Bij dit product dient u &hellip; <a href=\"https:\/\/beonthemove.nl\/de\/produkt\/benzine-scooter-4-uur\/\" class=\"more-link\">Continue reading<span class=\"screen-reader-text\"> &#8220;Benzine scooter 4 uur&#8221;<\/span><\/a><\/p>","protected":false},"featured_media":423,"comment_status":"open","ping_status":"closed","template":"","meta":[],"product_brand":[],"product_cat":[30,21],"product_tag":[],"class_list":{"0":"post-440","1":"product","2":"type-product","3":"status-publish","4":"has-post-thumbnail","6":"product_cat-borg-100","7":"product_cat-scooters","9":"first","10":"instock","11":"sold-individually","12":"shipping-taxable","13":"purchasable","14":"product-type-phive_booking"},"_links":{"self":[{"href":"https:\/\/beonthemove.nl\/de\/wp-json\/wp\/v2\/product\/440","targetHints":{"allow":["GET"]}}],"collection":[{"href":"https:\/\/beonthemove.nl\/de\/wp-json\/wp\/v2\/product"}],"about":[{"href":"https:\/\/beonthemove.nl\/de\/wp-json\/wp\/v2\/types\/product"}],"replies":[{"embeddable":true,"href":"https:\/\/beonthemove.nl\/de\/wp-json\/wp\/v2\/comments?post=440"}],"wp:featuredmedia":[{"embeddable":true,"href":"https:\/\/beonthemove.nl\/de\/wp-json\/wp\/v2\/media\/423"}],"wp:attachment":[{"href":"https:\/\/beonthemove.nl\/de\/wp-json\/wp\/v2\/media?parent=440"}],"wp:term":[{"taxonomy":"product_brand","embeddable":true,"href":"https:\/\/beonthemove.nl\/de\/wp-json\/wp\/v2\/product_brand?post=440"},{"taxonomy":"product_cat","embeddable":true,"href":"https:\/\/beonthemove.nl\/de\/wp-json\/wp\/v2\/product_cat?post=440"},{"taxonomy":"product_tag","embeddable":true,"href":"https:\/\/beonthemove.nl\/de\/wp-json\/wp\/v2\/product_tag?post=440"}],"curies":[{"name":"wp","href":"https:\/\/api.w.org\/{rel}","templated":true}]}}