{"id":426,"date":"2026-03-30T18:03:37","date_gmt":"2026-03-30T18:03:37","guid":{"rendered":"https:\/\/beonthemove.nl\/?post_type=product&#038;p=426"},"modified":"2026-04-02T13:43:26","modified_gmt":"2026-04-02T13:43:26","slug":"elektrische-scooter-2-personen-per-4-uur","status":"publish","type":"product","link":"https:\/\/beonthemove.nl\/de\/produkt\/elektrische-scooter-2-personen-per-4-uur\/","title":{"rendered":"Elektroroller f\u00fcr 2 Personen pro 4 Stunden"},"content":{"rendered":"<p>Neu bei Be on the move: Der Elektroroller. Eine Fahrt mit diesem modernen E-Scooter ist umweltfreundlich, komfortabel und leise \u2013 und vor allem macht er Spa\u00df! Ideal f\u00fcr einen Ausflug mit Familie und Freunden, aber auch f\u00fcr Unternehmen und Vereine. M\u00f6chten Sie einen Elektroroller mieten? Dann bietet Be on the move Ihnen einen attraktiven Preis! 4 Stunden 50,00 \u20ac, ganzer Tag 75,00 \u20ac. Reichweite 75 km. Bei telefonischer Reservierung stellen wir sicher, dass der E-Scooter zum vereinbarten Zeitpunkt f\u00fcr Sie bereitsteht.<\/p>\n<p>F\u00fcr dieses Produkt ist bei Abholung eine Kaution in H\u00f6he von 100 \u20ac zu hinterlegen.<\/p>","protected":false},"excerpt":{"rendered":"<p>Nieuw bij Be on the move, De elektrische scooter. Een ritje op deze moderne E-scooter is milieuvriendelijk, comfortabel en stil, maar vooral leuk! Ideaal voor een dagje uit met familie en vrienden, maar ook voor bedrijven of verenigingen. Wilt u een elektrische scooter huren? Dan biedt Be on the move een scherpe prijs! 4 uur &hellip; <a href=\"https:\/\/beonthemove.nl\/de\/produkt\/elektrische-scooter-2-personen-per-4-uur\/\" class=\"more-link\">Continue reading<span class=\"screen-reader-text\"> &#8220;Elektrische scooter 2 personen per 4 uur&#8221;<\/span><\/a><\/p>","protected":false},"featured_media":433,"comment_status":"open","ping_status":"closed","template":"","meta":[],"product_brand":[],"product_cat":[30,18],"product_tag":[],"class_list":{"0":"post-426","1":"product","2":"type-product","3":"status-publish","4":"has-post-thumbnail","6":"product_cat-borg-100","7":"product_cat-electrische-scooter","9":"first","10":"instock","11":"sold-individually","12":"shipping-taxable","13":"purchasable","14":"product-type-phive_booking"},"_links":{"self":[{"href":"https:\/\/beonthemove.nl\/de\/wp-json\/wp\/v2\/product\/426","targetHints":{"allow":["GET"]}}],"collection":[{"href":"https:\/\/beonthemove.nl\/de\/wp-json\/wp\/v2\/product"}],"about":[{"href":"https:\/\/beonthemove.nl\/de\/wp-json\/wp\/v2\/types\/product"}],"replies":[{"embeddable":true,"href":"https:\/\/beonthemove.nl\/de\/wp-json\/wp\/v2\/comments?post=426"}],"wp:featuredmedia":[{"embeddable":true,"href":"https:\/\/beonthemove.nl\/de\/wp-json\/wp\/v2\/media\/433"}],"wp:attachment":[{"href":"https:\/\/beonthemove.nl\/de\/wp-json\/wp\/v2\/media?parent=426"}],"wp:term":[{"taxonomy":"product_brand","embeddable":true,"href":"https:\/\/beonthemove.nl\/de\/wp-json\/wp\/v2\/product_brand?post=426"},{"taxonomy":"product_cat","embeddable":true,"href":"https:\/\/beonthemove.nl\/de\/wp-json\/wp\/v2\/product_cat?post=426"},{"taxonomy":"product_tag","embeddable":true,"href":"https:\/\/beonthemove.nl\/de\/wp-json\/wp\/v2\/product_tag?post=426"}],"curies":[{"name":"wp","href":"https:\/\/api.w.org\/{rel}","templated":true}]}}