{"id":380,"date":"2026-03-29T12:50:50","date_gmt":"2026-03-29T12:50:50","guid":{"rendered":"https:\/\/beonthemove.nl\/?post_type=product&#038;p=380"},"modified":"2026-04-29T13:24:25","modified_gmt":"2026-04-29T13:24:25","slug":"speciale-fiets-t5","status":"publish","type":"product","link":"https:\/\/beonthemove.nl\/de\/produkt\/speciale-fiets-t5\/","title":{"rendered":"Spezialfahrrad T5"},"content":{"rendered":"<p>Genie\u00dfen Sie gemeinsam Freiheit und Komfort mit diesem besonderen Tandem. Ideal f\u00fcr entspannte Fahrten entlang der K\u00fcste. Perfekt f\u00fcr alle, die die Natur sicher und unbeschwert gemeinsam erleben m\u00f6chten.<\/p>\n<p>&nbsp;<\/p>","protected":false},"excerpt":{"rendered":"<p>Genie\u00dfen Sie gemeinsam Freiheit und Komfort mit diesem besonderen Tandem. Ideal f\u00fcr entspannte Fahrten entlang der K\u00fcste. Perfekt f\u00fcr alle, die die Natur sicher und unbeschwert gemeinsam erleben m\u00f6chten. &nbsp;<\/p>","protected":false},"featured_media":521,"comment_status":"closed","ping_status":"closed","template":"","meta":[],"product_brand":[],"product_cat":[30,20],"product_tag":[],"class_list":{"0":"post-380","1":"product","2":"type-product","3":"status-publish","4":"has-post-thumbnail","6":"product_cat-borg-100","7":"product_cat-speciale-fietsen","9":"first","10":"instock","11":"sold-individually","12":"shipping-taxable","13":"purchasable","14":"product-type-phive_booking"},"_links":{"self":[{"href":"https:\/\/beonthemove.nl\/de\/wp-json\/wp\/v2\/product\/380","targetHints":{"allow":["GET"]}}],"collection":[{"href":"https:\/\/beonthemove.nl\/de\/wp-json\/wp\/v2\/product"}],"about":[{"href":"https:\/\/beonthemove.nl\/de\/wp-json\/wp\/v2\/types\/product"}],"replies":[{"embeddable":true,"href":"https:\/\/beonthemove.nl\/de\/wp-json\/wp\/v2\/comments?post=380"}],"wp:featuredmedia":[{"embeddable":true,"href":"https:\/\/beonthemove.nl\/de\/wp-json\/wp\/v2\/media\/521"}],"wp:attachment":[{"href":"https:\/\/beonthemove.nl\/de\/wp-json\/wp\/v2\/media?parent=380"}],"wp:term":[{"taxonomy":"product_brand","embeddable":true,"href":"https:\/\/beonthemove.nl\/de\/wp-json\/wp\/v2\/product_brand?post=380"},{"taxonomy":"product_cat","embeddable":true,"href":"https:\/\/beonthemove.nl\/de\/wp-json\/wp\/v2\/product_cat?post=380"},{"taxonomy":"product_tag","embeddable":true,"href":"https:\/\/beonthemove.nl\/de\/wp-json\/wp\/v2\/product_tag?post=380"}],"curies":[{"name":"wp","href":"https:\/\/api.w.org\/{rel}","templated":true}]}}