{"id":377,"date":"2026-03-29T12:50:50","date_gmt":"2026-03-29T12:50:50","guid":{"rendered":"https:\/\/beonthemove.nl\/?post_type=product&#038;p=377"},"modified":"2026-04-29T13:26:40","modified_gmt":"2026-04-29T13:26:40","slug":"speciale-fiets-t4","status":"publish","type":"product","link":"https:\/\/beonthemove.nl\/de\/produkt\/speciale-fiets-t4\/","title":{"rendered":"Spezielles T4-Fahrrad"},"content":{"rendered":"<p>Mieten Sie unser T4-Fahrrad: ein stabiles und komfortables Transportfahrrad, ideal f\u00fcr den sicheren Transport von Passagieren oder Gep\u00e4ck, mit extra hoher Ladekapazit\u00e4t und einfacher Man\u00f6vrierbarkeit f\u00fcr den t\u00e4glichen Gebrauch.<\/p>\n<p>F\u00fcr dieses Produkt ist bei Abholung eine Kaution in H\u00f6he von 100 \u20ac zu hinterlegen.<\/p>","protected":false},"excerpt":{"rendered":"<p>Huur onze T4 fiets: een stabiele en comfortabele transportfiets, ideaal voor het veilig vervoeren van passagiers of bagage, met extra draagvermogen en eenvoudige wendbaarheid voor dagelijks gebruik. Bij dit product dient u bij het ophalen \u20ac 100 borg te betalen.<\/p>","protected":false},"featured_media":517,"comment_status":"closed","ping_status":"closed","template":"","meta":[],"product_brand":[],"product_cat":[30,20],"product_tag":[],"class_list":{"0":"post-377","1":"product","2":"type-product","3":"status-publish","4":"has-post-thumbnail","6":"product_cat-borg-100","7":"product_cat-speciale-fietsen","9":"first","10":"instock","11":"sold-individually","12":"shipping-taxable","13":"purchasable","14":"product-type-phive_booking"},"_links":{"self":[{"href":"https:\/\/beonthemove.nl\/de\/wp-json\/wp\/v2\/product\/377","targetHints":{"allow":["GET"]}}],"collection":[{"href":"https:\/\/beonthemove.nl\/de\/wp-json\/wp\/v2\/product"}],"about":[{"href":"https:\/\/beonthemove.nl\/de\/wp-json\/wp\/v2\/types\/product"}],"replies":[{"embeddable":true,"href":"https:\/\/beonthemove.nl\/de\/wp-json\/wp\/v2\/comments?post=377"}],"wp:featuredmedia":[{"embeddable":true,"href":"https:\/\/beonthemove.nl\/de\/wp-json\/wp\/v2\/media\/517"}],"wp:attachment":[{"href":"https:\/\/beonthemove.nl\/de\/wp-json\/wp\/v2\/media?parent=377"}],"wp:term":[{"taxonomy":"product_brand","embeddable":true,"href":"https:\/\/beonthemove.nl\/de\/wp-json\/wp\/v2\/product_brand?post=377"},{"taxonomy":"product_cat","embeddable":true,"href":"https:\/\/beonthemove.nl\/de\/wp-json\/wp\/v2\/product_cat?post=377"},{"taxonomy":"product_tag","embeddable":true,"href":"https:\/\/beonthemove.nl\/de\/wp-json\/wp\/v2\/product_tag?post=377"}],"curies":[{"name":"wp","href":"https:\/\/api.w.org\/{rel}","templated":true}]}}