{"id":375,"date":"2026-03-29T12:50:50","date_gmt":"2026-03-29T12:50:50","guid":{"rendered":"https:\/\/beonthemove.nl\/?post_type=product&#038;p=375"},"modified":"2026-04-02T13:44:41","modified_gmt":"2026-04-02T13:44:41","slug":"scootmobiel-4w","status":"publish","type":"product","link":"https:\/\/beonthemove.nl\/de\/produkt\/scootmobiel-4w\/","title":{"rendered":"Elektromobil 4W"},"content":{"rendered":"<p>Erleben Sie stabiles und komfortables Fahren mit diesem 4-r\u00e4drigen Elektromobil: optimale Sicherheit, einfache Bedienung und perfekt f\u00fcr unbeschwerten und unabh\u00e4ngigen Fahrspa\u00df, sowohl drinnen als auch drau\u00dfen.<\/p>\n<p>F\u00fcr dieses Produkt ist bei Abholung eine Kaution in H\u00f6he von 100 \u20ac zu hinterlegen.<\/p>","protected":false},"excerpt":{"rendered":"<p>Ervaar stabiel en comfortabel rijden met deze 4-wiel scootmobiel: optimale veiligheid, eenvoudig in gebruik en perfect voor zorgeloos en zelfstandig genieten van elke rit, zowel binnen als buiten. Bij dit product dient u bij het ophalen \u20ac 100 borg te betalen.<\/p>","protected":false},"featured_media":450,"comment_status":"open","ping_status":"closed","template":"","meta":[],"product_brand":[],"product_cat":[30,20],"product_tag":[],"class_list":{"0":"post-375","1":"product","2":"type-product","3":"status-publish","4":"has-post-thumbnail","6":"product_cat-borg-100","7":"product_cat-speciale-fietsen","9":"first","10":"instock","11":"sold-individually","12":"shipping-taxable","13":"purchasable","14":"product-type-phive_booking"},"_links":{"self":[{"href":"https:\/\/beonthemove.nl\/de\/wp-json\/wp\/v2\/product\/375","targetHints":{"allow":["GET"]}}],"collection":[{"href":"https:\/\/beonthemove.nl\/de\/wp-json\/wp\/v2\/product"}],"about":[{"href":"https:\/\/beonthemove.nl\/de\/wp-json\/wp\/v2\/types\/product"}],"replies":[{"embeddable":true,"href":"https:\/\/beonthemove.nl\/de\/wp-json\/wp\/v2\/comments?post=375"}],"wp:featuredmedia":[{"embeddable":true,"href":"https:\/\/beonthemove.nl\/de\/wp-json\/wp\/v2\/media\/450"}],"wp:attachment":[{"href":"https:\/\/beonthemove.nl\/de\/wp-json\/wp\/v2\/media?parent=375"}],"wp:term":[{"taxonomy":"product_brand","embeddable":true,"href":"https:\/\/beonthemove.nl\/de\/wp-json\/wp\/v2\/product_brand?post=375"},{"taxonomy":"product_cat","embeddable":true,"href":"https:\/\/beonthemove.nl\/de\/wp-json\/wp\/v2\/product_cat?post=375"},{"taxonomy":"product_tag","embeddable":true,"href":"https:\/\/beonthemove.nl\/de\/wp-json\/wp\/v2\/product_tag?post=375"}],"curies":[{"name":"wp","href":"https:\/\/api.w.org\/{rel}","templated":true}]}}