{"id":370,"date":"2026-03-29T11:52:02","date_gmt":"2026-03-29T11:52:02","guid":{"rendered":"https:\/\/beonthemove.nl\/?post_type=product&#038;p=370"},"modified":"2026-04-01T14:58:28","modified_gmt":"2026-04-01T14:58:28","slug":"cargo-bike-for-dog-3-gears","status":"publish","type":"product","link":"https:\/\/beonthemove.nl\/de\/produkt\/cargo-bike-for-dog-3-gears\/","title":{"rendered":"Hunde-Lastenrad mit 3 G\u00e4ngen"},"content":{"rendered":"<p>Dieses Lastenrad f\u00fcr Hunde ist die ideale Wahl f\u00fcr Ausfl\u00fcge mit Ihrem Vierbeiner. Es eignet sich auch f\u00fcr gro\u00dfe Hunde. Wenn Sie telefonisch buchen, stellen wir sicher, dass das Lastenrad zum vereinbarten Zeitpunkt f\u00fcr Sie bereitsteht.<\/p>\n<p>&nbsp;<\/p>","protected":false},"excerpt":{"rendered":"<p>Dieses Lastenrad f\u00fcr Hunde ist die ideale Wahl f\u00fcr Ausfl\u00fcge mit Ihrem Vierbeiner. Es eignet sich auch f\u00fcr gro\u00dfe Hunde. Wenn Sie telefonisch buchen, stellen wir sicher, dass das Lastenrad zum vereinbarten Zeitpunkt f\u00fcr Sie bereitsteht. &nbsp;<\/p>","protected":false},"featured_media":445,"comment_status":"open","ping_status":"closed","template":"","meta":[],"product_brand":[],"product_cat":[20],"product_tag":[],"class_list":{"0":"post-370","1":"product","2":"type-product","3":"status-publish","4":"has-post-thumbnail","6":"product_cat-speciale-fietsen","8":"first","9":"instock","10":"sold-individually","11":"shipping-taxable","12":"purchasable","13":"product-type-phive_booking"},"_links":{"self":[{"href":"https:\/\/beonthemove.nl\/de\/wp-json\/wp\/v2\/product\/370","targetHints":{"allow":["GET"]}}],"collection":[{"href":"https:\/\/beonthemove.nl\/de\/wp-json\/wp\/v2\/product"}],"about":[{"href":"https:\/\/beonthemove.nl\/de\/wp-json\/wp\/v2\/types\/product"}],"replies":[{"embeddable":true,"href":"https:\/\/beonthemove.nl\/de\/wp-json\/wp\/v2\/comments?post=370"}],"wp:featuredmedia":[{"embeddable":true,"href":"https:\/\/beonthemove.nl\/de\/wp-json\/wp\/v2\/media\/445"}],"wp:attachment":[{"href":"https:\/\/beonthemove.nl\/de\/wp-json\/wp\/v2\/media?parent=370"}],"wp:term":[{"taxonomy":"product_brand","embeddable":true,"href":"https:\/\/beonthemove.nl\/de\/wp-json\/wp\/v2\/product_brand?post=370"},{"taxonomy":"product_cat","embeddable":true,"href":"https:\/\/beonthemove.nl\/de\/wp-json\/wp\/v2\/product_cat?post=370"},{"taxonomy":"product_tag","embeddable":true,"href":"https:\/\/beonthemove.nl\/de\/wp-json\/wp\/v2\/product_tag?post=370"}],"curies":[{"name":"wp","href":"https:\/\/api.w.org\/{rel}","templated":true}]}}