{"id":363,"date":"2026-03-29T12:50:50","date_gmt":"2026-03-29T12:50:50","guid":{"rendered":"https:\/\/beonthemove.nl\/?post_type=product&#038;p=363"},"modified":"2026-04-03T13:27:18","modified_gmt":"2026-04-03T13:27:18","slug":"elite-volt-mountainbike-20-en-24-inch","status":"publish","type":"product","link":"https:\/\/beonthemove.nl\/de\/produkt\/elite-volt-mountainbike-20-en-24-inch\/","title":{"rendered":"Elite Volt Mountainbike 20 und 24 Zoll"},"content":{"rendered":"<p>F\u00fcr die mutigen Jungs gibt es das Volt Mountainbike! Es macht einen sehr robusten und stabilen Eindruck. Anzahl der G\u00e4nge: 6. Dieses Mountainbike kann f\u00fcr 9,50 \u20ac pro Tag gemietet werden. Wenn Sie telefonisch reservieren, stellen wir sicher, dass das Mountainbike zum vereinbarten Zeitpunkt f\u00fcr Sie bereitsteht.<\/p>\n<p>&nbsp;<\/p>\n<p>&nbsp;<\/p>","protected":false},"excerpt":{"rendered":"<p>F\u00fcr die mutigen Jungs gibt es das Volt Mountainbike! Es macht einen sehr robusten und stabilen Eindruck. Anzahl der G\u00e4nge: 6. Dieses Mountainbike kann f\u00fcr 9,50 \u20ac pro Tag gemietet werden. Wenn Sie telefonisch reservieren, stellen wir sicher, dass das Mountainbike zum vereinbarten Zeitpunkt f\u00fcr Sie bereitsteht. &nbsp; &nbsp;<\/p>","protected":false},"featured_media":443,"comment_status":"open","ping_status":"closed","template":"","meta":[],"product_brand":[],"product_cat":[20],"product_tag":[],"class_list":{"0":"post-363","1":"product","2":"type-product","3":"status-publish","4":"has-post-thumbnail","6":"product_cat-speciale-fietsen","8":"first","9":"instock","10":"sold-individually","11":"shipping-taxable","12":"purchasable","13":"product-type-phive_booking"},"_links":{"self":[{"href":"https:\/\/beonthemove.nl\/de\/wp-json\/wp\/v2\/product\/363","targetHints":{"allow":["GET"]}}],"collection":[{"href":"https:\/\/beonthemove.nl\/de\/wp-json\/wp\/v2\/product"}],"about":[{"href":"https:\/\/beonthemove.nl\/de\/wp-json\/wp\/v2\/types\/product"}],"replies":[{"embeddable":true,"href":"https:\/\/beonthemove.nl\/de\/wp-json\/wp\/v2\/comments?post=363"}],"wp:featuredmedia":[{"embeddable":true,"href":"https:\/\/beonthemove.nl\/de\/wp-json\/wp\/v2\/media\/443"}],"wp:attachment":[{"href":"https:\/\/beonthemove.nl\/de\/wp-json\/wp\/v2\/media?parent=363"}],"wp:term":[{"taxonomy":"product_brand","embeddable":true,"href":"https:\/\/beonthemove.nl\/de\/wp-json\/wp\/v2\/product_brand?post=363"},{"taxonomy":"product_cat","embeddable":true,"href":"https:\/\/beonthemove.nl\/de\/wp-json\/wp\/v2\/product_cat?post=363"},{"taxonomy":"product_tag","embeddable":true,"href":"https:\/\/beonthemove.nl\/de\/wp-json\/wp\/v2\/product_tag?post=363"}],"curies":[{"name":"wp","href":"https:\/\/api.w.org\/{rel}","templated":true}]}}