{"id":330,"date":"2026-03-24T19:31:53","date_gmt":"2026-03-24T19:31:53","guid":{"rendered":"https:\/\/beonthemove.nl\/?post_type=product&#038;p=330"},"modified":"2026-03-31T13:22:38","modified_gmt":"2026-03-31T13:22:38","slug":"kinderkar","status":"publish","type":"product","link":"https:\/\/beonthemove.nl\/de\/produkt\/kinderkar\/","title":{"rendered":"Kinderwagen"},"content":{"rendered":"<p>Fahrradanh\u00e4nger f\u00fcr 1 oder 2 Kinder, optimaler Sitzkomfort. Anh\u00e4nger f\u00fcr maximalen Fahrkomfort. Passend f\u00fcr alle g\u00e4ngigen Fahrr\u00e4der und E-Bikes von 26 bis 28 Zoll. Der Fahrradanh\u00e4nger verf\u00fcgt \u00fcber eine Schnellkupplung zum einfachen An- und Abkuppeln. Geeignet f\u00fcr 2 Kinder bis 40 kg. Bei telefonischer Buchung stellen wir sicher, dass der Kinderanh\u00e4nger zum vereinbarten Zeitpunkt f\u00fcr Sie bereitsteht.<\/p>\n<p>&nbsp;<\/p>","protected":false},"excerpt":{"rendered":"<p>Fietskar voor 1 of 2 kinderen, optimaal zitcomfort. Aanhanger voor maximaal rijcomfort. Voor alle gangbare fietsen en e-bikemodellen: van 26-28 inch. De fietskar heeft een snelkoppeling voor eenvoudig aan- en afkoppelen van \/ aan de fiets. Geschikt voor 2 kinderen tot 40 kg. Als u telefonisch boekt, zorgen wij ervoor dat de kinderaanhanger op het &hellip; <a href=\"https:\/\/beonthemove.nl\/de\/produkt\/kinderkar\/\" class=\"more-link\">Continue reading<span class=\"screen-reader-text\"> &#8220;Kinderkar&#8221;<\/span><\/a><\/p>","protected":false},"featured_media":432,"comment_status":"open","ping_status":"closed","template":"","meta":[],"product_brand":[],"product_cat":[16],"product_tag":[],"class_list":{"0":"post-330","1":"product","2":"type-product","3":"status-publish","4":"has-post-thumbnail","6":"product_cat-accessoires","8":"first","9":"instock","10":"sold-individually","11":"shipping-taxable","12":"purchasable","13":"product-type-phive_booking"},"_links":{"self":[{"href":"https:\/\/beonthemove.nl\/de\/wp-json\/wp\/v2\/product\/330","targetHints":{"allow":["GET"]}}],"collection":[{"href":"https:\/\/beonthemove.nl\/de\/wp-json\/wp\/v2\/product"}],"about":[{"href":"https:\/\/beonthemove.nl\/de\/wp-json\/wp\/v2\/types\/product"}],"replies":[{"embeddable":true,"href":"https:\/\/beonthemove.nl\/de\/wp-json\/wp\/v2\/comments?post=330"}],"wp:featuredmedia":[{"embeddable":true,"href":"https:\/\/beonthemove.nl\/de\/wp-json\/wp\/v2\/media\/432"}],"wp:attachment":[{"href":"https:\/\/beonthemove.nl\/de\/wp-json\/wp\/v2\/media?parent=330"}],"wp:term":[{"taxonomy":"product_brand","embeddable":true,"href":"https:\/\/beonthemove.nl\/de\/wp-json\/wp\/v2\/product_brand?post=330"},{"taxonomy":"product_cat","embeddable":true,"href":"https:\/\/beonthemove.nl\/de\/wp-json\/wp\/v2\/product_cat?post=330"},{"taxonomy":"product_tag","embeddable":true,"href":"https:\/\/beonthemove.nl\/de\/wp-json\/wp\/v2\/product_tag?post=330"}],"curies":[{"name":"wp","href":"https:\/\/api.w.org\/{rel}","templated":true}]}}