{"id":328,"date":"2026-03-29T12:50:51","date_gmt":"2026-03-29T12:50:51","guid":{"rendered":"https:\/\/beonthemove.nl\/?post_type=product&#038;p=328"},"modified":"2026-03-31T13:23:00","modified_gmt":"2026-03-31T13:23:00","slug":"de-fietskar-voor-de-hond","status":"publish","type":"product","link":"https:\/\/beonthemove.nl\/de\/produkt\/de-fietskar-voor-de-hond\/","title":{"rendered":"Der Fahrradanh\u00e4nger f\u00fcr den Hund"},"content":{"rendered":"<p>Dieser Hundefahrradanh\u00e4nger ist die ideale Wahl f\u00fcr Ausfl\u00fcge mit Ihrem Hund. Er ist mit einer Schnellkupplung ausgestattet, die ein einfaches An- und Abkoppeln am Fahrrad erm\u00f6glicht. Geeignet f\u00fcr Hunde bis 40 kg. Bei telefonischer Reservierung stellen wir sicher, dass der Hundeanh\u00e4nger zum vereinbarten Zeitpunkt f\u00fcr Sie bereitsteht.<\/p>\n<p>&nbsp;<\/p>","protected":false},"excerpt":{"rendered":"<p>Deze hondenfietskar is de ideale keuze als u met uw hond op pad gaat. De fietskar voor honden is voorzien van een snelkoppeling om hem eenvoudig aan\/af te koppelen aan de fiets. Geschikt voor honden tot 40 kg. Indien u telefonisch reserveert, zorgen wij ervoor dat de hondentrailer op het afgesproken tijdstip voor u klaar &hellip; <a href=\"https:\/\/beonthemove.nl\/de\/produkt\/de-fietskar-voor-de-hond\/\" class=\"more-link\">Continue reading<span class=\"screen-reader-text\"> &#8220;De fietskar voor de hond&#8221;<\/span><\/a><\/p>","protected":false},"featured_media":431,"comment_status":"open","ping_status":"closed","template":"","meta":[],"product_brand":[],"product_cat":[16],"product_tag":[],"class_list":{"0":"post-328","1":"product","2":"type-product","3":"status-publish","4":"has-post-thumbnail","6":"product_cat-accessoires","8":"first","9":"instock","10":"sold-individually","11":"shipping-taxable","12":"purchasable","13":"product-type-phive_booking"},"_links":{"self":[{"href":"https:\/\/beonthemove.nl\/de\/wp-json\/wp\/v2\/product\/328","targetHints":{"allow":["GET"]}}],"collection":[{"href":"https:\/\/beonthemove.nl\/de\/wp-json\/wp\/v2\/product"}],"about":[{"href":"https:\/\/beonthemove.nl\/de\/wp-json\/wp\/v2\/types\/product"}],"replies":[{"embeddable":true,"href":"https:\/\/beonthemove.nl\/de\/wp-json\/wp\/v2\/comments?post=328"}],"wp:featuredmedia":[{"embeddable":true,"href":"https:\/\/beonthemove.nl\/de\/wp-json\/wp\/v2\/media\/431"}],"wp:attachment":[{"href":"https:\/\/beonthemove.nl\/de\/wp-json\/wp\/v2\/media?parent=328"}],"wp:term":[{"taxonomy":"product_brand","embeddable":true,"href":"https:\/\/beonthemove.nl\/de\/wp-json\/wp\/v2\/product_brand?post=328"},{"taxonomy":"product_cat","embeddable":true,"href":"https:\/\/beonthemove.nl\/de\/wp-json\/wp\/v2\/product_cat?post=328"},{"taxonomy":"product_tag","embeddable":true,"href":"https:\/\/beonthemove.nl\/de\/wp-json\/wp\/v2\/product_tag?post=328"}],"curies":[{"name":"wp","href":"https:\/\/api.w.org\/{rel}","templated":true}]}}