{"id":299,"date":"2026-03-29T12:50:51","date_gmt":"2026-03-29T12:50:51","guid":{"rendered":"https:\/\/beonthemove.nl\/?post_type=product&#038;p=299"},"modified":"2026-03-30T13:36:34","modified_gmt":"2026-03-30T13:36:34","slug":"fiets-met-aanhanger","status":"publish","type":"product","link":"https:\/\/beonthemove.nl\/de\/produkt\/fiets-met-aanhanger\/","title":{"rendered":"Fahrrad mit Anh\u00e4nger"},"content":{"rendered":"<p>Fahrrad mit Anh\u00e4nger kann f\u00fcr 12,50 \u20ac pro Tag bzw. 75,00 \u20ac pro Woche gemietet werden. Bei telefonischer Reservierung stellen wir sicher, dass die Kombination zum vereinbarten Zeitpunkt f\u00fcr Sie bereitsteht.<\/p>","protected":false},"excerpt":{"rendered":"<p>Fahrrad mit Anh\u00e4nger kann f\u00fcr 12,50 \u20ac pro Tag bzw. 75,00 \u20ac pro Woche gemietet werden. Bei telefonischer Reservierung stellen wir sicher, dass die Kombination zum vereinbarten Zeitpunkt f\u00fcr Sie bereitsteht.<\/p>","protected":false},"featured_media":417,"comment_status":"open","ping_status":"closed","template":"","meta":[],"product_brand":[],"product_cat":[20],"product_tag":[],"class_list":{"0":"post-299","1":"product","2":"type-product","3":"status-publish","4":"has-post-thumbnail","6":"product_cat-speciale-fietsen","8":"first","9":"instock","10":"sold-individually","11":"shipping-taxable","12":"purchasable","13":"product-type-phive_booking"},"_links":{"self":[{"href":"https:\/\/beonthemove.nl\/de\/wp-json\/wp\/v2\/product\/299","targetHints":{"allow":["GET"]}}],"collection":[{"href":"https:\/\/beonthemove.nl\/de\/wp-json\/wp\/v2\/product"}],"about":[{"href":"https:\/\/beonthemove.nl\/de\/wp-json\/wp\/v2\/types\/product"}],"replies":[{"embeddable":true,"href":"https:\/\/beonthemove.nl\/de\/wp-json\/wp\/v2\/comments?post=299"}],"wp:featuredmedia":[{"embeddable":true,"href":"https:\/\/beonthemove.nl\/de\/wp-json\/wp\/v2\/media\/417"}],"wp:attachment":[{"href":"https:\/\/beonthemove.nl\/de\/wp-json\/wp\/v2\/media?parent=299"}],"wp:term":[{"taxonomy":"product_brand","embeddable":true,"href":"https:\/\/beonthemove.nl\/de\/wp-json\/wp\/v2\/product_brand?post=299"},{"taxonomy":"product_cat","embeddable":true,"href":"https:\/\/beonthemove.nl\/de\/wp-json\/wp\/v2\/product_cat?post=299"},{"taxonomy":"product_tag","embeddable":true,"href":"https:\/\/beonthemove.nl\/de\/wp-json\/wp\/v2\/product_tag?post=299"}],"curies":[{"name":"wp","href":"https:\/\/api.w.org\/{rel}","templated":true}]}}