{"id":550,"date":"2026-04-04T09:46:54","date_gmt":"2026-04-04T09:46:54","guid":{"rendered":"https:\/\/beonthemove.nl\/thuis-2\/"},"modified":"2026-04-04T10:28:51","modified_gmt":"2026-04-04T10:28:51","slug":"thuis-2","status":"publish","type":"page","link":"https:\/\/beonthemove.nl\/de\/","title":{"rendered":"Haus"},"content":{"rendered":"<section class=\"u-clearfix u-image u-shading u-section-2\" id=\"block-1\" data-image-width=\"3072\" data-image-height=\"2048\" style=\"background-image: linear-gradient(rgba(0, 0, 0, 0.2), rgba(0, 0, 0, 0.2)), url(&quot;https:\/\/beonthemove.nl\/wp-content\/uploads\/2026\/04\/fietsen_zonder_tekst_scherp_hero-scaled.webp&quot;);\">\n      <div class=\"u-clearfix u-sheet u-sheet-1\">\n        <h2 class=\"u-text u-text-default u-text-1\">Fatbike, E-Scooter oder Benziner-Roller mieten.<\/h2>\n        <h3 class=\"u-text u-text-default u-text-2\"><span style=\"font-weight: 400;\">Geh auf Tour mit<\/span> In Bewegung sein \n        <\/h3>\n        <h4 class=\"u-text u-text-default u-text-3\">Schnelle Vermietung f\u00fcr eine sorgenfreie Fahrt oder den ganzen Tag.<\/h4>\n        <a href=\"https:\/\/beonthemove.nl\/de\/winkel\/\" class=\"u-btn u-button-style u-custom-color-1 u-hover-palette-1-dark-1 u-btn-1\">Machen Sie jetzt eine Reservierung <\/a>\n      <\/div>\n    <\/section>\n    <section class=\"u-clearfix u-image u-section-3\" id=\"block-3\" data-image-width=\"1536\" data-image-height=\"1024\" style=\"background-image: url(&quot;https:\/\/beonthemove.nl\/wp-content\/uploads\/2026\/04\/ChatGPTImage14mrt202612_12_57.png&quot;);\">\n      <div class=\"u-clearfix u-sheet u-sheet-1\">\n        <h1 class=\"u-text u-text-default-lg u-text-default-md u-text-default-sm u-text-default-xl u-text-palette-1-base u-text-1\">Fahrr\u00e4der f\u00fcr jeden<\/h1>\n        <h4 class=\"u-text u-text-default u-text-palette-1-base u-text-2\">Wir haben das perfekte Fahrrad f\u00fcr jedes Alter und jeden Radtyp.<\/h4>\n        <h4 class=\"u-text u-text-default u-text-palette-1-base u-text-3\">Unser Sortiment:<\/h4>\n        <div class=\"data-layout-selected u-clearfix u-expanded-width u-layout-wrap u-layout-wrap-1\">\n          <div class=\"u-layout\">\n            <div class=\"u-layout-row\">\n              <div class=\"u-container-style u-layout-cell u-size-15 u-size-30-md u-layout-cell-1\">\n                <div class=\"u-container-layout u-container-layout-1\">\n                  <h5 class=\"u-text u-text-default u-text-palette-1-base u-text-4\">Stadtsfahrr\u00e4der<br>\n                  <\/h5>\n                  <ul class=\"u-text u-text-default u-text-palette-1-base u-text-5\">\n                    <li>Bequem und stabil <\/li>\n                    <li> Ideal f\u00fcr kurze Fahrten und D\u00f6rfer <\/li>\n                    <li> Erh\u00e4ltlich in verschiedenen Gr\u00f6\u00dfen <\/li>\n                  <\/ul>\n                <\/div>\n              <\/div>\n              <div class=\"u-container-style u-layout-cell u-size-15 u-size-30-md u-layout-cell-2\">\n                <div class=\"u-container-layout u-container-layout-2\">\n                  <h5 class=\"u-text u-text-default u-text-palette-1-base u-text-6\">Elektrofahrr\u00e4der<\/h5>\n                  <ul class=\"u-text u-text-default u-text-palette-1-base u-text-7\">\n                    <li>Zus\u00e4tzliche Unterst\u00fctzung<\/li>\n                    <li> Kleinerer Aktionsradius <\/li>\n                    <li> Ideal f\u00fcr l\u00e4ngere Fahrten durch Zeeland <\/li>\n                  <\/ul>\n                <\/div>\n              <\/div>\n              <div class=\"u-container-style u-layout-cell u-size-15 u-size-30-md u-layout-cell-3\">\n                <div class=\"u-container-layout u-container-layout-3\">\n                  <h5 class=\"u-text u-text-default u-text-palette-1-base u-text-8\">Kinderfahrr\u00e4der<\/h5>\n                  <ul class=\"u-text u-text-default u-text-palette-1-base u-text-9\">\n                    <li>Verschiedene Gr\u00f6\u00dfen<\/li>\n                    <li> Sicher und stabil <\/li>\n                    <li> Helm inklusive M\u00f6glichkeit <\/li>\n                  <\/ul>\n                <\/div>\n              <\/div>\n              <div class=\"u-container-style u-layout-cell u-size-15 u-size-30-md u-layout-cell-4\">\n                <div class=\"u-container-layout u-container-layout-4\">\n                  <h5 class=\"u-text u-text-default u-text-palette-1-base u-text-10\">Tandems<\/h5>\n                  <ul class=\"u-text u-text-default u-text-palette-1-base u-text-11\">\n                    <li>Gemeinsam radeln, gemeinsam genie\u00dfen<\/li>\n                    <li> Perfekt f\u00fcr Paare und Familien <\/li>\n                  <\/ul>\n                <\/div>\n              <\/div>\n            <\/div>\n          <\/div>\n        <\/div>\n        <h3 class=\"u-text u-text-custom-color-2 u-text-default u-text-12\">Immer inklusive:&nbsp;<\/h3><span class=\"u-file-icon u-icon u-text-custom-color-2 u-icon-1\"><img decoding=\"async\" src=\"https:\/\/beonthemove.nl\/wp-content\/uploads\/2026\/04\/1c5a605e.png\" alt=\"\"><\/span>\n        <h5 class=\"u-text u-text-default u-text-palette-1-base u-text-13\">Gratis Zubeh\u00f6r<br>Schloss, Korb und Beleuchtung \n        <\/h5>\n      <\/div>\n    <\/section>\n    <section class=\"u-clearfix u-gradient u-section-4\" id=\"block-5\">\n      <div class=\"u-clearfix u-sheet u-valign-bottom-xl u-sheet-1\">\n        <h2 class=\"u-align-center-xs u-text u-text-default u-text-1\">Die meisten Mietartikel.<\/h2>\n        <div class=\"u-expanded-width u-shortcode u-shortcode-1\"><div class=\"woocommerce columns-4\"><ul class=\"products columns-4\">\n<li class=\"product type-product post-470 status-publish first instock product_cat-electrische-scooter product_cat-extern-boeken product_cat-speciale-fietsen has-post-thumbnail sold-individually shipping-taxable purchasable product-type-phive_booking\">\n\t<a href=\"https:\/\/beonthemove.nl\/de\/produkt\/chopper-hele-dag\/\" class=\"woocommerce-LoopProduct-link woocommerce-loop-product__link\"><img loading=\"lazy\" decoding=\"async\" width=\"400\" height=\"400\" src=\"https:\/\/beonthemove.nl\/wp-content\/uploads\/2026\/03\/chopper-40-400x400.webp\" class=\"attachment-woocommerce_thumbnail size-woocommerce_thumbnail\" alt=\"Chopper hele dag\" srcset=\"https:\/\/beonthemove.nl\/wp-content\/uploads\/2026\/03\/chopper-40-400x400.webp 400w, https:\/\/beonthemove.nl\/wp-content\/uploads\/2026\/03\/chopper-40-300x300.webp 300w, https:\/\/beonthemove.nl\/wp-content\/uploads\/2026\/03\/chopper-40-150x150.webp 150w, https:\/\/beonthemove.nl\/wp-content\/uploads\/2026\/03\/chopper-40-768x768.webp 768w, https:\/\/beonthemove.nl\/wp-content\/uploads\/2026\/03\/chopper-40-800x800.webp 800w, https:\/\/beonthemove.nl\/wp-content\/uploads\/2026\/03\/chopper-40-100x100.webp 100w, https:\/\/beonthemove.nl\/wp-content\/uploads\/2026\/03\/chopper-40.webp 1024w\" sizes=\"auto, (max-width: 400px) 85vw, 400px\" \/><h2 class=\"woocommerce-loop-product__title\">Chopper den ganzen Tag<\/h2>\n\t<span class=\"price\"><span class=\"woocommerce-Price-amount amount\"><bdi><span class=\"woocommerce-Price-currencySymbol\">Euro<\/span>&nbsp;45,00<\/bdi><\/span>&nbsp;<span class = \"ph-bookings-display-cost-suffix\">Pro Tag<\/span><\/span>\n<\/a><a data-quantity=\"1\" data-product_id=\"470\" data-product_sku=\"#40-24\" href=\"https:\/\/beonthemove.nl\/de\/produkt\/chopper-hele-dag\/\" class=\"product_type_phive_booking add_to_cart_button  product_type_phive_booking add_to_cart_\" data-no-translation=\"\" data-trp-gettext=\"\">Reserveer nu<\/a><\/li>\n<li class=\"product type-product post-297 status-publish instock product_cat-elektrische-fiets has-post-thumbnail sold-individually shipping-taxable purchasable product-type-phive_booking\">\n\t<a href=\"https:\/\/beonthemove.nl\/de\/produkt\/elektrische-fiets\/\" class=\"woocommerce-LoopProduct-link woocommerce-loop-product__link\"><img loading=\"lazy\" decoding=\"async\" width=\"400\" height=\"400\" src=\"https:\/\/beonthemove.nl\/wp-content\/uploads\/2026\/03\/elektrische-fiets-400x400.webp\" class=\"attachment-woocommerce_thumbnail size-woocommerce_thumbnail\" alt=\"Elektrische fiets\" srcset=\"https:\/\/beonthemove.nl\/wp-content\/uploads\/2026\/03\/elektrische-fiets-400x400.webp 400w, https:\/\/beonthemove.nl\/wp-content\/uploads\/2026\/03\/elektrische-fiets-300x300.webp 300w, https:\/\/beonthemove.nl\/wp-content\/uploads\/2026\/03\/elektrische-fiets-150x150.webp 150w, https:\/\/beonthemove.nl\/wp-content\/uploads\/2026\/03\/elektrische-fiets-768x768.webp 768w, https:\/\/beonthemove.nl\/wp-content\/uploads\/2026\/03\/elektrische-fiets-800x800.webp 800w, https:\/\/beonthemove.nl\/wp-content\/uploads\/2026\/03\/elektrische-fiets-100x100.webp 100w, https:\/\/beonthemove.nl\/wp-content\/uploads\/2026\/03\/elektrische-fiets.webp 1024w\" sizes=\"auto, (max-width: 400px) 85vw, 400px\" \/><h2 class=\"woocommerce-loop-product__title\">Elektrofahrrad<\/h2>\n\t<span class=\"price\"><span class=\"woocommerce-Price-amount amount\"><bdi><span class=\"woocommerce-Price-currencySymbol\">Euro<\/span>&nbsp;20,00<\/bdi><\/span>&nbsp;<span class = \"ph-bookings-display-cost-suffix\">Pro Tag<\/span><\/span>\n<\/a><a data-quantity=\"1\" data-product_id=\"297\" data-product_sku=\"#07\" href=\"https:\/\/beonthemove.nl\/de\/produkt\/elektrische-fiets\/\" class=\"product_type_phive_booking add_to_cart_button  product_type_phive_booking add_to_cart_\" data-no-translation=\"\" data-trp-gettext=\"\">Reserveer nu<\/a><\/li>\n<li class=\"product type-product post-332 status-publish instock product_cat-borg-100 product_cat-electrische-scooter has-post-thumbnail sold-individually shipping-taxable purchasable product-type-phive_booking\">\n\t<a href=\"https:\/\/beonthemove.nl\/de\/produkt\/elektrische-scooter-2-personen\/\" class=\"woocommerce-LoopProduct-link woocommerce-loop-product__link\"><img loading=\"lazy\" decoding=\"async\" width=\"400\" height=\"400\" src=\"https:\/\/beonthemove.nl\/wp-content\/uploads\/2026\/03\/elektrische-scooter-2-personen-22-400x400.webp\" class=\"attachment-woocommerce_thumbnail size-woocommerce_thumbnail\" alt=\"Elektrische scooter 2 personen\" srcset=\"https:\/\/beonthemove.nl\/wp-content\/uploads\/2026\/03\/elektrische-scooter-2-personen-22-400x400.webp 400w, https:\/\/beonthemove.nl\/wp-content\/uploads\/2026\/03\/elektrische-scooter-2-personen-22-300x300.webp 300w, https:\/\/beonthemove.nl\/wp-content\/uploads\/2026\/03\/elektrische-scooter-2-personen-22-150x150.webp 150w, https:\/\/beonthemove.nl\/wp-content\/uploads\/2026\/03\/elektrische-scooter-2-personen-22-768x768.webp 768w, https:\/\/beonthemove.nl\/wp-content\/uploads\/2026\/03\/elektrische-scooter-2-personen-22-800x800.webp 800w, https:\/\/beonthemove.nl\/wp-content\/uploads\/2026\/03\/elektrische-scooter-2-personen-22-100x100.webp 100w, https:\/\/beonthemove.nl\/wp-content\/uploads\/2026\/03\/elektrische-scooter-2-personen-22.webp 1024w\" sizes=\"auto, (max-width: 400px) 85vw, 400px\" \/><h2 class=\"woocommerce-loop-product__title\">Elektroroller f\u00fcr 2 Personen<\/h2>\n\t<span class=\"price\"><span class=\"woocommerce-Price-amount amount\"><bdi><span class=\"woocommerce-Price-currencySymbol\">Euro<\/span>&nbsp;75,00<\/bdi><\/span>&nbsp;<span class = \"ph-bookings-display-cost-suffix\">Pro Tag<\/span><\/span>\n<\/a><a data-quantity=\"1\" data-product_id=\"332\" data-product_sku=\"#22-24\" href=\"https:\/\/beonthemove.nl\/de\/produkt\/elektrische-scooter-2-personen\/\" class=\"product_type_phive_booking add_to_cart_button  product_type_phive_booking add_to_cart_\" data-no-translation=\"\" data-trp-gettext=\"\">Reserveer nu<\/a><\/li>\n<li class=\"product type-product post-472 status-publish last instock product_cat-speciale-fietsen has-post-thumbnail sold-individually shipping-taxable purchasable product-type-phive_booking\">\n\t<a href=\"https:\/\/beonthemove.nl\/de\/produkt\/fat-bike-groot-3-uur\/\" class=\"woocommerce-LoopProduct-link woocommerce-loop-product__link\"><img loading=\"lazy\" decoding=\"async\" width=\"400\" height=\"400\" src=\"https:\/\/beonthemove.nl\/wp-content\/uploads\/2026\/03\/fatbike-43-400x400.webp\" class=\"attachment-woocommerce_thumbnail size-woocommerce_thumbnail\" alt=\"Fat bike groot 3 uur\" srcset=\"https:\/\/beonthemove.nl\/wp-content\/uploads\/2026\/03\/fatbike-43-400x400.webp 400w, https:\/\/beonthemove.nl\/wp-content\/uploads\/2026\/03\/fatbike-43-300x300.webp 300w, https:\/\/beonthemove.nl\/wp-content\/uploads\/2026\/03\/fatbike-43-150x150.webp 150w, https:\/\/beonthemove.nl\/wp-content\/uploads\/2026\/03\/fatbike-43-768x768.webp 768w, https:\/\/beonthemove.nl\/wp-content\/uploads\/2026\/03\/fatbike-43-12x12.webp 12w, https:\/\/beonthemove.nl\/wp-content\/uploads\/2026\/03\/fatbike-43-800x800.webp 800w, https:\/\/beonthemove.nl\/wp-content\/uploads\/2026\/03\/fatbike-43-100x100.webp 100w, https:\/\/beonthemove.nl\/wp-content\/uploads\/2026\/03\/fatbike-43.webp 1024w\" sizes=\"auto, (max-width: 400px) 85vw, 400px\" \/><h2 class=\"woocommerce-loop-product__title\">Fatbike-Tour, 3 Stunden<\/h2>\n\t<span class=\"price\"><span class=\"woocommerce-Price-amount amount\"><bdi><span class=\"woocommerce-Price-currencySymbol\">Euro<\/span>&nbsp;37,50<\/bdi><\/span>&nbsp;<span class = \"ph-bookings-display-cost-suffix\">Pro 3 Stunden<\/span><\/span>\n<\/a><a data-quantity=\"1\" data-product_id=\"472\" data-product_sku=\"#43-3\" href=\"https:\/\/beonthemove.nl\/de\/produkt\/fat-bike-groot-3-uur\/\" class=\"product_type_phive_booking add_to_cart_button  product_type_phive_booking add_to_cart_\" data-no-translation=\"\" data-trp-gettext=\"\">Reserveer nu<\/a><\/li>\n<\/ul>\n<\/div><\/div>\n        <div class=\"u-expanded-width u-shortcode u-shortcode-2\"><div class=\"woocommerce columns-4\"><ul class=\"products columns-4\">\n<li class=\"product type-product post-297 status-publish first instock product_cat-elektrische-fiets has-post-thumbnail sold-individually shipping-taxable purchasable product-type-phive_booking\">\n\t<a href=\"https:\/\/beonthemove.nl\/de\/produkt\/elektrische-fiets\/\" class=\"woocommerce-LoopProduct-link woocommerce-loop-product__link\"><img loading=\"lazy\" decoding=\"async\" width=\"400\" height=\"400\" src=\"https:\/\/beonthemove.nl\/wp-content\/uploads\/2026\/03\/elektrische-fiets-400x400.webp\" class=\"attachment-woocommerce_thumbnail size-woocommerce_thumbnail\" alt=\"Elektrische fiets\" srcset=\"https:\/\/beonthemove.nl\/wp-content\/uploads\/2026\/03\/elektrische-fiets-400x400.webp 400w, https:\/\/beonthemove.nl\/wp-content\/uploads\/2026\/03\/elektrische-fiets-300x300.webp 300w, https:\/\/beonthemove.nl\/wp-content\/uploads\/2026\/03\/elektrische-fiets-150x150.webp 150w, https:\/\/beonthemove.nl\/wp-content\/uploads\/2026\/03\/elektrische-fiets-768x768.webp 768w, https:\/\/beonthemove.nl\/wp-content\/uploads\/2026\/03\/elektrische-fiets-800x800.webp 800w, https:\/\/beonthemove.nl\/wp-content\/uploads\/2026\/03\/elektrische-fiets-100x100.webp 100w, https:\/\/beonthemove.nl\/wp-content\/uploads\/2026\/03\/elektrische-fiets.webp 1024w\" sizes=\"auto, (max-width: 400px) 85vw, 400px\" \/><h2 class=\"woocommerce-loop-product__title\">Elektrofahrrad<\/h2>\n\t<span class=\"price\"><span class=\"woocommerce-Price-amount amount\"><bdi><span class=\"woocommerce-Price-currencySymbol\">Euro<\/span>&nbsp;20,00<\/bdi><\/span>&nbsp;<span class = \"ph-bookings-display-cost-suffix\">Pro Tag<\/span><\/span>\n<\/a><a data-quantity=\"1\" data-product_id=\"297\" data-product_sku=\"#07\" href=\"https:\/\/beonthemove.nl\/de\/produkt\/elektrische-fiets\/\" class=\"product_type_phive_booking add_to_cart_button  product_type_phive_booking add_to_cart_\" data-no-translation=\"\" data-trp-gettext=\"\">Reserveer nu<\/a><\/li>\n<li class=\"product type-product post-339 status-publish instock product_cat-speciale-fietsen has-post-thumbnail sold-individually shipping-taxable purchasable product-type-phive_booking\">\n\t<a href=\"https:\/\/beonthemove.nl\/de\/produkt\/mountainbike-xl\/\" class=\"woocommerce-LoopProduct-link woocommerce-loop-product__link\"><img loading=\"lazy\" decoding=\"async\" width=\"400\" height=\"400\" src=\"https:\/\/beonthemove.nl\/wp-content\/uploads\/2026\/03\/mountainbike-XL-27-400x400.webp\" class=\"attachment-woocommerce_thumbnail size-woocommerce_thumbnail\" alt=\"Mountainbike XL\" srcset=\"https:\/\/beonthemove.nl\/wp-content\/uploads\/2026\/03\/mountainbike-XL-27-400x400.webp 400w, https:\/\/beonthemove.nl\/wp-content\/uploads\/2026\/03\/mountainbike-XL-27-300x300.webp 300w, https:\/\/beonthemove.nl\/wp-content\/uploads\/2026\/03\/mountainbike-XL-27-150x150.webp 150w, https:\/\/beonthemove.nl\/wp-content\/uploads\/2026\/03\/mountainbike-XL-27-768x768.webp 768w, https:\/\/beonthemove.nl\/wp-content\/uploads\/2026\/03\/mountainbike-XL-27-800x800.webp 800w, https:\/\/beonthemove.nl\/wp-content\/uploads\/2026\/03\/mountainbike-XL-27-100x100.webp 100w, https:\/\/beonthemove.nl\/wp-content\/uploads\/2026\/03\/mountainbike-XL-27.webp 1024w\" sizes=\"auto, (max-width: 400px) 85vw, 400px\" \/><h2 class=\"woocommerce-loop-product__title\">Mountainbike XL<\/h2>\n\t<span class=\"price\"><span class=\"woocommerce-Price-amount amount\"><bdi><span class=\"woocommerce-Price-currencySymbol\">Euro<\/span>&nbsp;13,50<\/bdi><\/span>&nbsp;<span class = \"ph-bookings-display-cost-suffix\">Pro Tag<\/span><\/span>\n<\/a><a data-quantity=\"1\" data-product_id=\"339\" data-product_sku=\"#27\" href=\"https:\/\/beonthemove.nl\/de\/produkt\/mountainbike-xl\/\" class=\"product_type_phive_booking add_to_cart_button  product_type_phive_booking add_to_cart_\" data-no-translation=\"\" data-trp-gettext=\"\">Reserveer nu<\/a><\/li>\n<li class=\"product type-product post-426 status-publish instock product_cat-borg-100 product_cat-electrische-scooter has-post-thumbnail sold-individually shipping-taxable purchasable product-type-phive_booking\">\n\t<a href=\"https:\/\/beonthemove.nl\/de\/produkt\/elektrische-scooter-2-personen-per-4-uur\/\" class=\"woocommerce-LoopProduct-link woocommerce-loop-product__link\"><img loading=\"lazy\" decoding=\"async\" width=\"400\" height=\"400\" src=\"https:\/\/beonthemove.nl\/wp-content\/uploads\/2026\/03\/elektrische-scooter-2-personen-22-400x400.webp\" class=\"attachment-woocommerce_thumbnail size-woocommerce_thumbnail\" alt=\"Elektrische scooter 2 personen per 4 uur\" srcset=\"https:\/\/beonthemove.nl\/wp-content\/uploads\/2026\/03\/elektrische-scooter-2-personen-22-400x400.webp 400w, https:\/\/beonthemove.nl\/wp-content\/uploads\/2026\/03\/elektrische-scooter-2-personen-22-300x300.webp 300w, https:\/\/beonthemove.nl\/wp-content\/uploads\/2026\/03\/elektrische-scooter-2-personen-22-150x150.webp 150w, https:\/\/beonthemove.nl\/wp-content\/uploads\/2026\/03\/elektrische-scooter-2-personen-22-768x768.webp 768w, https:\/\/beonthemove.nl\/wp-content\/uploads\/2026\/03\/elektrische-scooter-2-personen-22-800x800.webp 800w, https:\/\/beonthemove.nl\/wp-content\/uploads\/2026\/03\/elektrische-scooter-2-personen-22-100x100.webp 100w, https:\/\/beonthemove.nl\/wp-content\/uploads\/2026\/03\/elektrische-scooter-2-personen-22.webp 1024w\" sizes=\"auto, (max-width: 400px) 85vw, 400px\" \/><h2 class=\"woocommerce-loop-product__title\">Elektroroller f\u00fcr 2 Personen pro 4 Stunden<\/h2>\n\t<span class=\"price\"><span class=\"woocommerce-Price-amount amount\"><bdi><span class=\"woocommerce-Price-currencySymbol\">Euro<\/span>&nbsp;50,00<\/bdi><\/span>&nbsp;<span class = \"ph-bookings-display-cost-suffix\">Pro 4 Stunden<\/span><\/span>\n<\/a><a data-quantity=\"1\" data-product_id=\"426\" data-product_sku=\"#22-4\" href=\"https:\/\/beonthemove.nl\/de\/produkt\/elektrische-scooter-2-personen-per-4-uur\/\" class=\"product_type_phive_booking add_to_cart_button  product_type_phive_booking add_to_cart_\" data-no-translation=\"\" data-trp-gettext=\"\">Reserveer nu<\/a><\/li>\n<li class=\"product type-product post-42 status-publish last instock product_cat-fietsen has-post-thumbnail sold-individually shipping-taxable purchasable product-type-phive_booking\">\n\t<a href=\"https:\/\/beonthemove.nl\/de\/produkt\/kinderfiets-12-inch\/\" class=\"woocommerce-LoopProduct-link woocommerce-loop-product__link\"><img loading=\"lazy\" decoding=\"async\" width=\"400\" height=\"400\" src=\"https:\/\/beonthemove.nl\/wp-content\/uploads\/2026\/03\/kinderfietsje-12inch-25-400x400.webp\" class=\"attachment-woocommerce_thumbnail size-woocommerce_thumbnail\" alt=\"Kinderfiets 12 inch\" srcset=\"https:\/\/beonthemove.nl\/wp-content\/uploads\/2026\/03\/kinderfietsje-12inch-25-400x400.webp 400w, https:\/\/beonthemove.nl\/wp-content\/uploads\/2026\/03\/kinderfietsje-12inch-25-300x300.webp 300w, https:\/\/beonthemove.nl\/wp-content\/uploads\/2026\/03\/kinderfietsje-12inch-25-150x150.webp 150w, https:\/\/beonthemove.nl\/wp-content\/uploads\/2026\/03\/kinderfietsje-12inch-25-768x768.webp 768w, https:\/\/beonthemove.nl\/wp-content\/uploads\/2026\/03\/kinderfietsje-12inch-25-800x800.webp 800w, https:\/\/beonthemove.nl\/wp-content\/uploads\/2026\/03\/kinderfietsje-12inch-25-100x100.webp 100w, https:\/\/beonthemove.nl\/wp-content\/uploads\/2026\/03\/kinderfietsje-12inch-25.webp 1024w\" sizes=\"auto, (max-width: 400px) 85vw, 400px\" \/><h2 class=\"woocommerce-loop-product__title\">Kinderfahrrad 12 Zoll<\/h2>\n\t<span class=\"price\"><span class=\"woocommerce-Price-amount amount\"><bdi><span class=\"woocommerce-Price-currencySymbol\">Euro<\/span>&nbsp;3,50<\/bdi><\/span>&nbsp;<span class = \"ph-bookings-display-cost-suffix\">Pro Tag<\/span><\/span>\n<\/a><a data-quantity=\"1\" data-product_id=\"42\" data-product_sku=\"#25\" href=\"https:\/\/beonthemove.nl\/de\/produkt\/kinderfiets-12-inch\/\" class=\"product_type_phive_booking add_to_cart_button  product_type_phive_booking add_to_cart_\" data-no-translation=\"\" data-trp-gettext=\"\">Reserveer nu<\/a><\/li>\n<\/ul>\n<\/div><\/div>\n      <\/div>\n    <\/section>\n    <section class=\"skrollable u-clearfix u-image u-section-5\" id=\"block-2\" data-image-width=\"1536\" data-image-height=\"1024\" style=\"background-image: url(&quot;https:\/\/beonthemove.nl\/wp-content\/uploads\/2026\/04\/ChatGPTImage14mrt202611_55_56.png&quot;);\">\n      <div class=\"u-clearfix u-sheet u-valign-middle-xl u-sheet-1\">\n        <div class=\"data-layout-selected u-clearfix u-expanded-width u-layout-wrap u-layout-wrap-1\">\n          <div class=\"u-layout\">\n            <div class=\"u-layout-row\">\n              <div class=\"u-container-align-center u-container-style u-image u-layout-cell u-size-20 u-image-1\" data-image-width=\"512\" data-image-height=\"564\" data-href=\"https:\/\/beonthemove.nl\/product-categorie\/fietsen\/\" style=\"background-image: url(&quot;https:\/\/beonthemove.nl\/wp-content\/uploads\/2026\/04\/fatbike.png&quot;);\">\n                <div class=\"u-container-layout u-container-layout-1\"><\/div>\n              <\/div>\n              <div class=\"u-container-align-center u-container-style u-image u-layout-cell u-size-20 u-image-2\" data-image-width=\"512\" data-image-height=\"564\" data-href=\"https:\/\/beonthemove.nl\/product-categorie\/electrische-scooter\/\" style=\"background-image: url(&quot;https:\/\/beonthemove.nl\/wp-content\/uploads\/2026\/04\/e-scooter.png&quot;);\">\n                <div class=\"u-container-layout u-container-layout-2\"><\/div>\n              <\/div>\n              <div class=\"u-container-align-center u-container-style u-image u-layout-cell u-size-20 u-image-3\" data-image-width=\"512\" data-image-height=\"564\" data-href=\"https:\/\/beonthemove.nl\/product-categorie\/scooters\/\" style=\"background-image: url(&quot;https:\/\/beonthemove.nl\/wp-content\/uploads\/2026\/04\/scooter.png&quot;);\">\n                <div class=\"u-container-layout u-container-layout-3\"><\/div>\n              <\/div>\n            <\/div>\n          <\/div>\n        <\/div>\n      <\/div>\n    <\/section>\n    <section class=\"u-clearfix u-container-align-center u-section-6\" id=\"block-4\">\n      <div class=\"u-expanded u-grey-light-2 u-map\">\n        <div class=\"embed-responsive\">\n          <iframe class=\"embed-responsive-item\" src=\"https:\/\/maps.google.com\/maps?output=embed&amp;q=Be%20on%20the%20move%2C%20Nieuweweg%206%2C%20kamperland%2C%20nederland&amp;z=14&amp;t=m\" data-map=\"JTdCJTIycG9zaXRpb25UeXBlJTIyJTNBJTIybWFwLWFkZHJlc3MlMjIlMkMlMjJhZGRyZXNzJTIyJTNBJTIyQmUlMjBvbiUyMHRoZSUyMG1vdmUlMkMlMjBOaWV1d2V3ZWclMjA2JTJDJTIwa2FtcGVybGFuZCUyQyUyMG5lZGVybGFuZCUyMiUyQyUyMnpvb20lMjIlM0ExNCUyQyUyMnR5cGVJZCUyMiUzQSUyMnJvYWQlMjIlMkMlMjJsYW5nJTIyJTNBbnVsbCUyQyUyMmFwaUtleSUyMiUzQW51bGwlMkMlMjJtYXJrZXJzJTIyJTNBJTVCJTVEJTdE\"><\/iframe>\n        <\/div>\n      <\/div>\n    <\/section>","protected":false},"excerpt":{"rendered":"<p>Fatbike, e-scooter of benzinescooter huren. Ga op pad met Be on the Move Snelle verhuur voor een zorgeloze rit of een hele dag. Maak nu een reservering Fietsen voor iedereen Voor elke leeftijd en elk type fietser hebben wij de perfecte fiets. Ons assortiment: Stadsfietsen Comfortabel en stabiel Ideaal voor korte ritten en dorpjes Verkrijgbaar &hellip; <a href=\"https:\/\/beonthemove.nl\/de\/\" class=\"more-link\">Continue reading<span class=\"screen-reader-text\"> &#8220;Thuis&#8221;<\/span><\/a><\/p>","protected":false},"author":1,"featured_media":0,"parent":0,"menu_order":2,"comment_status":"closed","ping_status":"closed","template":"","meta":{"footnotes":""},"class_list":["post-550","page","type-page","status-publish","hentry"],"_links":{"self":[{"href":"https:\/\/beonthemove.nl\/de\/wp-json\/wp\/v2\/pages\/550","targetHints":{"allow":["GET"]}}],"collection":[{"href":"https:\/\/beonthemove.nl\/de\/wp-json\/wp\/v2\/pages"}],"about":[{"href":"https:\/\/beonthemove.nl\/de\/wp-json\/wp\/v2\/types\/page"}],"author":[{"embeddable":true,"href":"https:\/\/beonthemove.nl\/de\/wp-json\/wp\/v2\/users\/1"}],"replies":[{"embeddable":true,"href":"https:\/\/beonthemove.nl\/de\/wp-json\/wp\/v2\/comments?post=550"}],"version-history":[{"count":8,"href":"https:\/\/beonthemove.nl\/de\/wp-json\/wp\/v2\/pages\/550\/revisions"}],"predecessor-version":[{"id":572,"href":"https:\/\/beonthemove.nl\/de\/wp-json\/wp\/v2\/pages\/550\/revisions\/572"}],"wp:attachment":[{"href":"https:\/\/beonthemove.nl\/de\/wp-json\/wp\/v2\/media?parent=550"}],"curies":[{"name":"wp","href":"https:\/\/api.w.org\/{rel}","templated":true}]}}