{"id":453,"date":"2026-04-04T09:56:55","date_gmt":"2026-04-04T09:56:55","guid":{"rendered":"https:\/\/beonthemove.nl\/?page_id=453"},"modified":"2026-04-20T14:15:08","modified_gmt":"2026-04-20T14:15:08","slug":"voorwaarden","status":"publish","type":"page","link":"https:\/\/beonthemove.nl\/de\/voorwaarden\/","title":{"rendered":"Bedingungen"},"content":{"rendered":"<section class=\"u-clearfix u-section-2\" id=\"block-1\">\n      <div class=\"u-clearfix u-sheet u-sheet-1\">\n        <p class=\"u-text u-text-default u-text-1\"> Mietbedingungen<br>\n          <br>\u2022 Ausweis erforderlich<br>\u2022 F\u00fcr einen Roller ist eine Kaution in H\u00f6he von 100,00 \u20ac erforderlich.<br>\u2022 Die Zahlung muss in bar erfolgen. (Keine Debitkarte)<br>\u2022 Es wird davon ausgegangen, dass der Mieter das gemietete Fahrrad\/den gemieteten Roller in gutem Zustand erhalten hat.<br>\u2022 Es wird davon ausgegangen, dass der Leasinggeber das Fahrrad\/den Roller in gutem Zustand \u00fcbergeben hat.<br>\u2022 Daher haftet der Mieter f\u00fcr Sch\u00e4den am gemieteten Fahrrad\/Roller und erstattet sowohl die Reparaturkosten als auch den notwendigen Ersatz der besch\u00e4digten Teile.<br>\u2022 Der Vermieter ist jederzeit berechtigt, das Mietobjekt im Falle eines angeblichen Missbrauchs zur\u00fcckzufordern.<br>\u2022 Der Mieter muss das Fahrrad\/den Roller immer abschlie\u00dfen.<br>\u2022 Es ist strengstens verboten, mit zwei Personen auf einem Fahrrad zu fahren.<br>\u2022 Es ist strengstens verboten, mit einem Fahrrad oder Roller an den Strand zu fahren.<br>\u2022 Im Falle des Verlusts des Fahrradschl\u00fcssels werden dem Mieter 10,00 \u20ac in Rechnung gestellt. <br>\u2022 F\u00fcr den Verlust eines Rollerschl\u00fcssels wird eine Geb\u00fchr von 50,00 \u20ac erhoben.<br>\u2022 Der Vermieter ist jederzeit berechtigt, seine Anspr\u00fcche gegen den Mieter hinsichtlich der Miete und\/oder eines etwaigen Schadensersatzes aus der geleisteten Kaution geltend zu machen, unbeschadet seines Rechts, den gesamten geschuldeten Betrag vom Mieter zur\u00fcckzufordern.<br>\u2022 Im Falle eines Diebstahls haftet der Mieter f\u00fcr den aktuellen Marktwert des Fahrrads\/Rollers, jedoch ohne den Mietpreis.<br>\u2022 Der Mieter wird das gemietete Fahrrad\/den gemieteten Roller sorgsam behandeln.<br>\u2022 Der Mieter tr\u00e4gt die volle rechtliche Haftung f\u00fcr Sch\u00e4den, die Dritten entstehen.<br>\u2022 Die volle Miete bleibt auch bei vorzeitiger R\u00fcckgabe f\u00e4llig. Seien Sie in Bewegung<br>\n          <br>Nieuweweg 6<br>4493 PA Kamperland<br>Telefon: 06 22586424\n        <\/p>\n      <\/div>\n    <\/section>","protected":false},"excerpt":{"rendered":"<p>Huurvoorwaarden \u2022 Legitimatie verplicht\u2022 Voor een scooter vragen wij een borg van \u20ac 100,00\u2022 Deze dient contant voldaan te worden. (Geen PIN)\u2022 De huurder wordt geacht de gehuurde fiets\/ scooter in goede staat te hebben ontvangen.\u2022 De verhuurder wordt geacht de fiets\/ scooter in goede staat te hebben afgeleverd.\u2022 Derhalve is de huurder aansprakelijk voor &hellip; <a href=\"https:\/\/beonthemove.nl\/de\/voorwaarden\/\" class=\"more-link\">Weiterlesen<span class=\"screen-reader-text\"> &#8220;voorwaarden&#8221;<\/span><\/a><\/p>","protected":false},"author":1,"featured_media":0,"parent":0,"menu_order":0,"comment_status":"closed","ping_status":"closed","template":"","meta":{"footnotes":""},"class_list":["post-453","page","type-page","status-publish","hentry"],"_links":{"self":[{"href":"https:\/\/beonthemove.nl\/de\/wp-json\/wp\/v2\/pages\/453","targetHints":{"allow":["GET"]}}],"collection":[{"href":"https:\/\/beonthemove.nl\/de\/wp-json\/wp\/v2\/pages"}],"about":[{"href":"https:\/\/beonthemove.nl\/de\/wp-json\/wp\/v2\/types\/page"}],"author":[{"embeddable":true,"href":"https:\/\/beonthemove.nl\/de\/wp-json\/wp\/v2\/users\/1"}],"replies":[{"embeddable":true,"href":"https:\/\/beonthemove.nl\/de\/wp-json\/wp\/v2\/comments?post=453"}],"version-history":[{"count":3,"href":"https:\/\/beonthemove.nl\/de\/wp-json\/wp\/v2\/pages\/453\/revisions"}],"predecessor-version":[{"id":565,"href":"https:\/\/beonthemove.nl\/de\/wp-json\/wp\/v2\/pages\/453\/revisions\/565"}],"wp:attachment":[{"href":"https:\/\/beonthemove.nl\/de\/wp-json\/wp\/v2\/media?parent=453"}],"curies":[{"name":"wp","href":"https:\/\/api.w.org\/{rel}","templated":true}]}}